{"id":83,"date":"2021-10-04T12:35:52","date_gmt":"2021-10-04T10:35:52","guid":{"rendered":"https:\/\/app.fitness-guide.ch\/?page_id=83"},"modified":"2024-09-24T10:37:39","modified_gmt":"2024-09-24T08:37:39","slug":"informativa-sulla-protezione-dei-dati","status":"publish","type":"page","link":"https:\/\/app.fitness-guide.ch\/it\/informativa-sulla-protezione-dei-dati\/","title":{"rendered":"Condizioni generali per l&#8217;uso delle strutture dei centri per gli ospiti"},"content":{"rendered":"\n<p>L&#8217;utilizzo delle strutture e delle attrezzature di allenamento avviene a rischio e pericolo del CLIENTE. Il \u201cCentro fitness\u201d rifiuta espressamente qualsiasi responsabilit\u00e0 per danni in caso di incidenti, lesioni e\/o malattie del CLIENTE e la responsabilit\u00e0 \u00e8 espressamente limitata al dolo e alla colpa grave. <\/p>\n\n\n\n<p>Lo stesso vale per la responsabilit\u00e0 delle persone ausiliarie del \u201cCentro fitness\u201d. \u00c8 espressamente esclusa qualsiasi responsabilit\u00e0 per la perdita o il danneggiamento di oggetti di valore e\/o indumenti portati dal CLIENTE.<\/p>\n\n\n\n<div style=\"height:30px\" aria-hidden=\"true\" class=\"wp-block-spacer\"><\/div>\n\n\n\n<h1 class=\"wp-block-heading\">Informativa sulla protezione dei dati<\/h1>\n\n\n\n<h2 class=\"wp-block-heading\">1. Chi siamo?<\/h2>\n\n\n\n<p>L&#8217;Associazione svizzera dei centri fitness e salute FSCFS \u00e8 responsabile del trattamento dei dati in conformit\u00e0 alla presente dichiarazione sulla protezione dei dati.<\/p>\n\n\n\n<p>Federazione Svizzera dei Centri Fitness e di Salute <meta charset=\"utf-8\">FSCFS<br>Casella postale<br>3000 Berna<\/p>\n\n\n\n<p>responsabile<br>(&#8220;<meta charset=\"utf-8\">FSCFS&#8221;, &#8220;noi&#8221; o &#8220;ci&#8221;).<\/p>\n\n\n\n<p>Il responsabile della protezione dei dati della SFGV \u00e8 Claude Amman, Presidente, casella postale 3000 Berna.<\/p>\n\n\n\n<h2 class=\"wp-block-heading\">2. Cosa si intende per \u201cdati personali\u201d e cosa significa \u201ctrattamento\u201d?<\/h2>\n\n\n\n<p>La legge sulla protezione dei dati disciplina il trattamento dei dati personali. I dati personali (o \u201cdati riferiti a persone\u201d) sono tutte le informazioni che possono essere associate a una determinata persona. Essi possono comprendere, ad esempio, le seguenti informazioni:<\/p>\n\n\n\n<ul class=\"wp-block-list\">\n<li>informazioni di contatto quali ad es. nome, indirizzo postale, indirizzo e-mail o numero di telefono;<\/li>\n\n\n\n<li>dati personali quali ad es. genere, compleanno ed et\u00e0, stato civile o nazionalit\u00e0;<\/li>\n\n\n\n<li>registrazioni relative alle vostre visite a siti web e al vostro utilizzo di app.<\/li>\n<\/ul>\n\n\n\n<p>Per \u201ctrattamento\u201d (o \u201celaborazione\u201d) si intende pertanto qualsiasi lavorazione dei vostri dati personali, come ad esempio:<\/p>\n\n\n\n<ul class=\"wp-block-list\">\n<li>il rilevamento e la conservazione;<\/li>\n\n\n\n<li>l\u2019aggiornamento e la modifica;<\/li>\n\n\n\n<li>l\u2019utilizzo e l\u2019impiego;<\/li>\n\n\n\n<li>il collegamento con altri dati;<\/li>\n\n\n\n<li>la trasmissione;<\/li>\n\n\n\n<li>la cancellazione e la distruzione dei dati.<\/li>\n<\/ul>\n\n\n\n<h2 class=\"wp-block-heading\">3. Quali dati personali trattiamo?<\/h2>\n\n\n\n<p>A seconda del motivo e dello scopo, trattiamo diversi tipi di dati personali. Trovate informazioni pi\u00f9 dettagliate di seguito.<\/p>\n\n\n\n<p>In caso di accesso al nostro sito web e alle nostre app vengono memorizzati in file appositi (i cosiddetti log-files) soprattutto i seguenti dati: l\u2019indirizzo IP o il Mobile ID, la data, l\u2019ora, la richiesta del browser e le informazioni generalmente trasmesse sul sistema operativo e\/o sul browser.<\/p>\n\n\n\n<p>Se entrate in contatto con noi rileviamo e trattiamo soprattutto i seguenti dati, che ci comunicate attraverso la registrazione: il nome, il cognome e l\u2019indirizzo e-mail.<\/p>\n\n\n\n<p>Se visitate il nostro sito web o utilizzate le nostre app, trattiamo i dati tecnici quali ad es. i dati relativi all\u2019orario di accesso al nostro sito web o alle nostre app, la durata della visita, le pagine e le app consultate, come pure i dati sul dispositivo utilizzato.<\/p>\n\n\n\n<h2 class=\"wp-block-heading\">4. A che scopo trattiamo dati personali?<\/h2>\n\n\n\n<p>Elaboriamo dati personali soprattutto ai seguenti scopi:<\/p>\n\n\n\n<ul class=\"wp-block-list\">\n<li>per effettuare analisi statistiche, anonime o pseudo-anonime, oppure per conoscere meglio il comportamento dei nostri utenti e individuare le tendenze. Questo ci consente di migliorare continuamente la nostra offerta;<\/li>\n\n\n\n<li>per amministrare e gestire le nostre risorse informatiche e le altre risorse;<\/li>\n\n\n\n<li>per mettere a disposizione, gestire, garantire e personalizzare i siti web, le app e le offerte online;<\/li>\n\n\n\n<li>per inviare informazioni specifiche ai gruppi di destinatari attraverso i canali elettronici (a condizione che l\u2019utente non si sia opposto a ricevere tali informazioni);<\/li>\n\n\n\n<li>per comunicare con voi;<\/li>\n\n\n\n<li>per l\u2019archiviazione e altri scopi amministrativi;<\/li>\n\n\n\n<li>per verificare e rispettare gli obblighi di legge, incluse le ordinanze emesse da un tribunale o da un\u2019autorit\u00e0.<\/li>\n<\/ul>\n\n\n\n<h2 class=\"wp-block-heading\">5. A chi trasmettiamo i vostri dati personali?<\/h2>\n\n\n\n<p>I dati personali sono trattati in modo confidenziale. I nostri collaboratori hanno accesso ai vostri dati personali nella misura necessaria agli scopi descritti e alla loro attivit\u00e0 presso FSCFS. Tra questi vi sono i collaboratori dei settori di supporto, come ad es. l\u2019IT. Essi sono obbligati a mantenere la riservatezza nel trattamento dei dati personali. Possiamo inoltre trasmettere i vostri dati personali a operatori terzi di cui utilizziamo le prestazioni (ad es. fornitori di prestazioni IT).<\/p>\n\n\n\n<p>In casi particolari possiamo trasmettere dati personali ad altri servizi per i propri scopi, ad es. alle autorit\u00e0 di perseguimento penale in caso di sospetto di abuso. In questi casi il destinatario dei dati \u00e8 responsabile della protezione dei dati.<\/p>\n\n\n\n<h2 class=\"wp-block-heading\">6. Quando forniamo i vostri dati personali all\u2019estero?<\/h2>\n\n\n\n<p>I destinatari dei vostri dati personali possono trovarsi anche all\u2019estero, come al di fuori dell\u2019Unione europea o dello Spazio economico europeo. I rispettivi paesi potrebbero non avere leggi che proteggono i vostri dati personali nella stessa misura della Svizzera, dell\u2019UE o dello SEE. Se trasferiamo dati personali in uno di questi paesi, adottiamo i provvedimenti necessari per proteggerli, ad es. stipulando un corrispondente accordo.<\/p>\n\n\n\n<h2 class=\"wp-block-heading\">7. Come elaboriamo i dati personali in relazione a siti web e applicazioni?<\/h2>\n\n\n\n<p>Quando consultate il nostro sito web e utilizzate le nostre app, trattiamo i vostri dati personali (cfr. punto 3) per mettere a disposizione il sito web o le app, garantire la sicurezza informatica e migliorare la fruibilit\u00e0 per gli utenti. Inoltre, utilizziamo cookie (file che vengono memorizzati sul vostro dispositivo) e tecnologie simili quando visitate il nostro sito web o utilizzate le nostre app. Alcuni cookie sono necessari al corretto funzionamento del sito web, mentre altri sono utilizzati per memorizzare alcune impostazioni (ad es. la localit\u00e0 da voi selezionata per le previsioni locali) per una consultazione successiva, per elaborare statistiche anonime sull\u2019utilizzo del nostro sito e per personalizzare determinati contenuti sul nostro sito. Questi cookie vengono cancellati entro un anno dalla consultazione del sito web.<\/p>\n\n\n\n<p>Oltre a ci\u00f2 utilizziamo cookie di operatori terzi affinch\u00e9 possano rilevare i dati necessari per l\u2019erogazione delle loro prestazioni. Non trasmettiamo dati personali a questi fornitori. Tuttavia, per erogare le loro prestazioni questi fornitori rilevano informazioni sul vostro utilizzo del nostro sito web. Si tratta principalmente di valutazioni statistiche sull\u2019uso del nostro sito. Questi fornitori possono eventualmente combinare queste informazioni con i dati di altri siti web che avete visitato e che collaborano con essi, e possono utilizzare questi dati per i propri scopi (ad es. per monitorare la pubblicit\u00e0 sui siti partner di tali fornitori terzi). Se vi siete registrati presso il rispettivo fornitore, questo vi pu\u00f2 identificare. Il trattamento dei vostri dati personali \u00e8 effettuato sotto la responsabilit\u00e0 del fornitore in conformit\u00e0 con le proprie disposizioni sulla protezione dei dati.<\/p>\n\n\n\n<p>Un esempio di servizio di analisi \u00e8 Google Analytics di Google LLC negli Stati Uniti e Google Ireland Limited in Irlanda (insieme \u201cGoogle\u201d). Google utilizza cookie per rilevare informazioni sul vostro utilizzo del nostro sito web o delle app e sul dispositivo utilizzato (tablet, PC, smartphone, ecc.), quali ad es. informazioni sul vostro browser, il sito web di provenienza, il nome del vostro provider, il vostro indirizzo IP, la data e l\u2019ora dell\u2019accesso al sito web, le pagine visitate e il tempo di permanenza, ed ev. le visite ad altri siti web e app. Sulla base di queste informazioni riceviamo analisi di Google. Google memorizza queste informazioni negli Stati Uniti; tuttavia il vostro indirizzo IP viene dapprima abbreviato nell\u2019UE, risp. nello SEE. Potete impedire l\u2019utilizzo di Google Analytics attraverso un componente aggiuntivo del browser, che potete scaricare e installare all\u2019indirizzo&nbsp;<a href=\"https:\/\/tools.google.com\/dlpage\/gaoptout?hl=it\" target=\"_blank\" rel=\"noreferrer noopener\">https:\/\/tools.google.com\/dlpage\/gaoptout&nbsp;<\/a>.<\/p>\n\n\n\n<p>Per l\u2019emissione delle notifiche push utilizziamo inoltre un altro servizio di Google, il Service Google Firebase, come pure il Notification Service di Apple Inc., USA. Al vostro dispositivo viene assegnato un ID pseudo-anonimizzato, ossia un numero di collegamento univoco e non descrittivo, grazie al quale possiamo indirizzare le notifiche push a voi. L\u2019invio di notifiche push pu\u00f2 essere modificato in qualsiasi momento nelle impostazioni delle app. Utilizziamo anche Google Firebase Crash Reporting per rendere stabili e migliorare le nostre app. In questo contesto vengono raccolti dati sul dispositivo utilizzato e sull\u2019utilizzo delle nostre app (ad es. l\u2019orario di avvio della rispettiva app e quando si \u00e8 verificato un malfunzionamento), che ci consentono di diagnosticare e risolvere i malfunzionamenti. Firebase Crash Reporting rileva i vostri dati unicamente in forma anonima, di modo che n\u00e9 Google Inc. n\u00e9 noi siamo in grado di risalire alla vostra identit\u00e0. Trovate informazioni pi\u00f9 dettagliate al riguardo e sulla protezione dei dati nell\u2019ambito dei prodotti Google nelle&nbsp;<a href=\"https:\/\/policies.google.com\/privacy?hl=it\" target=\"_blank\" rel=\"noreferrer noopener\">Norme sulla privacy di Google&nbsp;<\/a>.<\/p>\n\n\n\n<p>Potete impedire l\u2019uso di queste tecnologie a condizione che non siano necessarie per il funzionamento del sito web o dell\u2019app: attraverso le corrispondenti impostazioni nel vostro browser, potete impedire l\u2019accettazione di cookie, fare in modo che i cookie memorizzati vengano cancellati (segnaliamo che con questa impostazione alcune funzioni di questo sito web non sono pi\u00f9 disponibili) e disinstallare le app o eventualmente configurarle in modo tale che determinate funzioni (di tracking) \u2013 come ad es. la funzione di localizzazione \u2013 non vengano utilizzate o siano rifiutate.<\/p>\n\n\n\n<h2 class=\"wp-block-heading\">8. Per quanto tempo conserviamo i vostri dati personali?<\/h2>\n\n\n\n<p>Memorizziamo i vostri dati personali nella forma riferita alla vostra persona per il tempo necessario allo scopo per il quale li abbiamo rilevati \u2013 nel caso vi siate registrati presso di noi di regola almeno per la durata di tale registrazione. Avete la possibilit\u00e0 di cancellare la vostra registrazione in qualsiasi momento.<\/p>\n\n\n\n<p>Memorizziamo inoltre i dati personali se abbiamo un interesse giustificato al loro salvataggio, ad es. per scopi di documentazione, a fini probatori e per proteggere e difendere i diritti legali. Inoltre, memorizziamo i vostri dati personali fintantoch\u00e9 sono soggetti a un obbligo legale di conservazione.<\/p>\n\n\n\n<h2 class=\"wp-block-heading\">9. Come proteggiamo i vostri dati personali?<\/h2>\n\n\n\n<p>In stretta collaborazione con i nostri fornitori interni ed esterni di hosting e altri fornitori di servizi IT, adottiamo misure di sicurezza adeguate di natura tecnica (ad es. crittografia, pseudo-anonimizzazione, registrazione, restrizione dell\u2019accesso, sicurezza dei dati, ecc.) e organizzativa (ad es. istruzioni per i nostri dipendenti, accordi di non divulgazione, controlli, ecc.), per garantire la sicurezza dei vostri dati personali, per proteggerli da trattamenti non autorizzati o illeciti, rischio di perdite, modifiche accidentali, divulgazione involontaria o accesso non autorizzato. Tuttavia, i rischi per la sicurezza non possono in generale essere completamente esclusi completamente; alcuni rischi residui sono per lo pi\u00f9 inevitabili.<\/p>\n\n\n\n<h2 class=\"wp-block-heading\">10. Di quali diritti usufruite in relazione al trattamento dei vostri dati personali?<\/h2>\n\n\n\n<p>Potete opporvi all\u2019elaborazione dei dati in qualsiasi momento. Nell\u2019ambito del quadro legale a voi applicabile, avete inoltre il diritto di accedere, rettificare, cancellare e limitare il trattamento dei dati, opporvi alla nostra elaborazione dei dati e di ricevere gratuitamente da noi i dati personali che ci avete fornito in un formato leggibile. Avete anche il diritto di revocare il vostro consenso senza che ci\u00f2 incida sulla legalit\u00e0 del trattamento dei dati effettuato fino alla revoca. Inoltre, potete presentare un reclamo all\u2019autorit\u00e0 competente per la protezione dei dati.<\/p>\n\n\n\n<h2 class=\"wp-block-heading\">11. Altro<\/h2>\n\n\n\n<p>Il trattamento dei vostri dati di base \u00e8 necessario soprattutto per stipulare e adempiere un contratto con voi e per elaborare i dati con la vostra autorizzazione. Inoltre, il trattamento \u00e8 necessario per tutelare i nostri interessi legittimi, quali ad esempio la comunicazione con gli utenti anche al di fuori di un contratto, le attivit\u00e0 di informazione, per conoscere meglio i nostri utenti, migliorare le prestazioni e svilupparne di nuove, proteggere gli utenti e i dati, garantire la sicurezza informatica, soprattutto in relazione all\u2019utilizzo di siti web, app e altre infrastrutture informatiche, nonch\u00e9 per assicurare e organizzare l\u2019attivit\u00e0 aziendale, inclusi la gestione e lo sviluppo di siti web e di altri sistemi, far valere e o difendere i diritti legali, rispettare il diritto svizzero e le regole interne. In linea di principio non siete obbligati a fornire i vostri dati personali. Solo per la vostra registrazione dovete indicare determinati dati (ad es. il vostro indirizzo e-mail o il vostro nome). Quando si utilizzano siti web e app \u00e8 inoltre necessario elaborare i dati dei logfiles e alcuni altri dati. Anche nella comunicazione con noi dobbiamo trattare almeno i dati personali che ci fornite o che vi forniamo noi.<\/p>\n","protected":false},"excerpt":{"rendered":"<p>L&#8217;utilizzo delle strutture e delle attrezzature di allenamento avviene a rischio e pericolo del CLIENTE. Il \u201cCentro fitness\u201d rifiuta espressamente qualsiasi responsabilit\u00e0 per danni in caso di incidenti, lesioni e\/o malattie del CLIENTE e la responsabilit\u00e0 \u00e8 espressamente limitata al dolo e alla colpa grave. Lo stesso vale per la responsabilit\u00e0 delle persone ausiliarie del&hellip;&nbsp;<a href=\"https:\/\/app.fitness-guide.ch\/it\/informativa-sulla-protezione-dei-dati\/\" rel=\"bookmark\">Leggi tutto &raquo;<span class=\"screen-reader-text\">Condizioni generali per l&#8217;uso delle strutture dei centri per gli ospiti<\/span><\/a><\/p>\n","protected":false},"author":2,"featured_media":0,"parent":0,"menu_order":0,"comment_status":"closed","ping_status":"open","template":"","meta":{"neve_meta_sidebar":"","neve_meta_container":"","neve_meta_enable_content_width":"","neve_meta_content_width":0,"neve_meta_title_alignment":"","neve_meta_author_avatar":"","neve_post_elements_order":"","neve_meta_disable_header":"","neve_meta_disable_footer":"","neve_meta_disable_title":"","footnotes":""},"class_list":["post-83","page","type-page","status-publish","hentry"],"_links":{"self":[{"href":"https:\/\/app.fitness-guide.ch\/it\/wp-json\/wp\/v2\/pages\/83","targetHints":{"allow":["GET"]}}],"collection":[{"href":"https:\/\/app.fitness-guide.ch\/it\/wp-json\/wp\/v2\/pages"}],"about":[{"href":"https:\/\/app.fitness-guide.ch\/it\/wp-json\/wp\/v2\/types\/page"}],"author":[{"embeddable":true,"href":"https:\/\/app.fitness-guide.ch\/it\/wp-json\/wp\/v2\/users\/2"}],"replies":[{"embeddable":true,"href":"https:\/\/app.fitness-guide.ch\/it\/wp-json\/wp\/v2\/comments?post=83"}],"version-history":[{"count":3,"href":"https:\/\/app.fitness-guide.ch\/it\/wp-json\/wp\/v2\/pages\/83\/revisions"}],"predecessor-version":[{"id":474,"href":"https:\/\/app.fitness-guide.ch\/it\/wp-json\/wp\/v2\/pages\/83\/revisions\/474"}],"wp:attachment":[{"href":"https:\/\/app.fitness-guide.ch\/it\/wp-json\/wp\/v2\/media?parent=83"}],"curies":[{"name":"wp","href":"https:\/\/api.w.org\/{rel}","templated":true}]}}