{"id":406,"date":"2021-10-01T18:30:52","date_gmt":"2021-10-01T16:30:52","guid":{"rendered":"https:\/\/app.fitness-guide.ch\/?page_id=406"},"modified":"2023-12-07T15:33:48","modified_gmt":"2023-12-07T14:33:48","slug":"app","status":"publish","type":"page","link":"https:\/\/app.fitness-guide.ch\/it\/","title":{"rendered":"App"},"content":{"rendered":"\n<div class=\"wp-block-columns mt-3 is-layout-flex wp-container-core-columns-is-layout-1 wp-block-columns-is-layout-flex\">\n<div class=\"wp-block-column is-layout-flow wp-block-column-is-layout-flow\" style=\"flex-basis:66.66%\">\n<figure class=\"wp-block-image size-large\"><img loading=\"lazy\" decoding=\"async\" width=\"1024\" height=\"840\" src=\"https:\/\/app.fitness-guide.ch\/files\/uploads\/2021\/10\/phone_screenshot-1024x840.png\" alt=\"\" class=\"wp-image-153\" srcset=\"https:\/\/app.fitness-guide.ch\/files\/uploads\/2021\/10\/phone_screenshot-1024x840.png 1024w, https:\/\/app.fitness-guide.ch\/files\/uploads\/2021\/10\/phone_screenshot-300x246.png 300w, https:\/\/app.fitness-guide.ch\/files\/uploads\/2021\/10\/phone_screenshot-768x630.png 768w, https:\/\/app.fitness-guide.ch\/files\/uploads\/2021\/10\/phone_screenshot-1536x1260.png 1536w, https:\/\/app.fitness-guide.ch\/files\/uploads\/2021\/10\/phone_screenshot.png 2000w\" sizes=\"auto, (max-width: 1024px) 100vw, 1024px\" \/><\/figure>\n<\/div>\n\n\n\n<div class=\"wp-block-column is-layout-flow wp-block-column-is-layout-flow\" style=\"flex-basis:33.33%\">\n<figure class=\"wp-block-image size-large mt-3\"><img loading=\"lazy\" decoding=\"async\" width=\"1024\" height=\"193\" src=\"https:\/\/app.fitness-guide.ch\/files\/uploads\/2021\/10\/fitworx-logo-1024x193.png\" alt=\"\" class=\"wp-image-161\" srcset=\"https:\/\/app.fitness-guide.ch\/files\/uploads\/2021\/10\/fitworx-logo-1024x193.png 1024w, https:\/\/app.fitness-guide.ch\/files\/uploads\/2021\/10\/fitworx-logo-300x57.png 300w, https:\/\/app.fitness-guide.ch\/files\/uploads\/2021\/10\/fitworx-logo-768x145.png 768w, https:\/\/app.fitness-guide.ch\/files\/uploads\/2021\/10\/fitworx-logo.png 1430w\" sizes=\"auto, (max-width: 1024px) 100vw, 1024px\" \/><\/figure>\n\n\n\n<hr class=\"wp-block-separator has-text-color has-css-opacity has-background is-style-default\" style=\"background-color:#ae0e18;color:#ae0e18\"\/>\n\n\n\n<h2 class=\"wp-block-heading has-text-align-center\"><meta charset=\"utf-8\"><\/meta>La pi\u00f9 grande rete di allenamento per ospiti della Svizzera<\/h2>\n\n\n\n<hr class=\"wp-block-separator has-text-color has-css-opacity has-background\" style=\"background-color:#ae0e18;color:#ae0e18\"\/>\n\n\n\n<h2 class=\"wp-block-heading has-text-align-center\"><meta charset=\"utf-8\"><\/meta>Installare l\u2019Applicazione e iniziare subito<\/h2>\n\n\n\n<hr class=\"wp-block-separator has-text-color has-css-opacity has-background\" style=\"background-color:#ae0e18;color:#ae0e18\"\/>\n\n\n\n<h2 class=\"wp-block-heading has-text-align-center\"><meta charset=\"utf-8\"><\/meta>Ulteriori informazioni nel suo centro fitness<\/h2>\n<\/div>\n<\/div>\n\n\n\n<div class=\"wp-block-columns md100 is-layout-flex wp-container-core-columns-is-layout-2 wp-block-columns-is-layout-flex\">\n<div class=\"wp-block-column is-layout-flow wp-block-column-is-layout-flow\"><\/div>\n\n\n\n<div class=\"wp-block-column is-layout-flow wp-block-column-is-layout-flow\">\n<figure class=\"wp-block-image size-large height-50 float-right\"><a href=\"https:\/\/apps.apple.com\/pt\/app\/fitness-guide\/id1578480370\" target=\"_blank\" rel=\"noopener\"><img loading=\"lazy\" decoding=\"async\" width=\"1024\" height=\"342\" src=\"https:\/\/app.fitness-guide.ch\/files\/uploads\/2021\/10\/apple_app_store-1024x342.png\" alt=\"\" class=\"wp-image-217\" srcset=\"https:\/\/app.fitness-guide.ch\/files\/uploads\/2021\/10\/apple_app_store-1024x342.png 1024w, https:\/\/app.fitness-guide.ch\/files\/uploads\/2021\/10\/apple_app_store-300x100.png 300w, https:\/\/app.fitness-guide.ch\/files\/uploads\/2021\/10\/apple_app_store-768x256.png 768w, https:\/\/app.fitness-guide.ch\/files\/uploads\/2021\/10\/apple_app_store.png 1420w\" sizes=\"auto, (max-width: 1024px) 100vw, 1024px\" \/><\/a><\/figure>\n<\/div>\n\n\n\n<div class=\"wp-block-column is-layout-flow wp-block-column-is-layout-flow\">\n<figure class=\"wp-block-image size-large height-50\"><a href=\"https:\/\/play.google.com\/store\/apps\/details?id=com.sfgv.cmexmobile\" target=\"_blank\" rel=\"noopener\"><img loading=\"lazy\" decoding=\"async\" width=\"1024\" height=\"303\" src=\"https:\/\/app.fitness-guide.ch\/files\/uploads\/2021\/10\/google_play-1024x303.png\" alt=\"\" class=\"wp-image-221\" srcset=\"https:\/\/app.fitness-guide.ch\/files\/uploads\/2021\/10\/google_play-1024x303.png 1024w, https:\/\/app.fitness-guide.ch\/files\/uploads\/2021\/10\/google_play-300x89.png 300w, https:\/\/app.fitness-guide.ch\/files\/uploads\/2021\/10\/google_play-768x228.png 768w, https:\/\/app.fitness-guide.ch\/files\/uploads\/2021\/10\/google_play-1536x455.png 1536w, https:\/\/app.fitness-guide.ch\/files\/uploads\/2021\/10\/google_play.png 1600w\" sizes=\"auto, (max-width: 1024px) 100vw, 1024px\" \/><\/a><\/figure>\n<\/div>\n\n\n\n<div class=\"wp-block-column is-layout-flow wp-block-column-is-layout-flow\"><\/div>\n<\/div>\n\n\n\n<h2 class=\"wp-block-heading\"><br><br>Allenamento per ospiti gratuito in 300 centri certificati<\/h2>\n\n\n\n<div class=\"wp-block-columns is-layout-flex wp-container-core-columns-is-layout-3 wp-block-columns-is-layout-flex\">\n<div class=\"wp-block-column is-layout-flow wp-block-column-is-layout-flow\">\n<p><strong>La FSCFS ha sviluppato un&#8217;applicazione e un software che permette alle 300 aziende certificate dalla Fitness Guide di offrire ai propri clienti un allenamento per ospiti ed \u00e8 proprio grazie a queste ultime novit\u00e0 che si \u00e8 creato un valore aggiunto supplementare. Coloro che si trovano lontani dal proprio luogo di residenza abituale hanno in questo modo la possibilit\u00e0 di allenarsi. Si tratta della pi\u00f9 grande rete di aziende certificate di fitness e salute in Svizzera.<\/strong><\/p>\n<\/div>\n\n\n\n<div class=\"wp-block-column is-layout-flow wp-block-column-is-layout-flow\">\n<p>Le 300 aziende certificate da Fitness-Guide possono offrire l&#8217;app ai loro clienti; questi ultimi possono dunque installare l&#8217;app Fitness-Guide negli store e attivarla nel centro di appartenenza dove hanno il loro contratto. Con l&#8217;aiuto dell&#8217;app, i clienti del centro regolare possono allenarsi gratuitamente nelle altre aziende aderenti al progetto. Le sedi che fanno parte del progetto offrono la massima copertura in tutta la Svizzera (Svizzera tedesca, Svizzera francese, Ticino). Questo significa che quando si viaggia, quando si \u00e8 pendolari per lavoro, in vacanza o durante i fine settimana, l&#8217;allenamento eseguito nel centro abituale pu\u00f2 essere continuato in altri luoghi con la stessa qualit\u00e0. Solo la certificazione Fitness Guide permette l&#8217;accesso all&#8217;app, che garantisce la qualit\u00e0 costante dell&#8217;allenamento abituale orientato alla salute.<\/p>\n<\/div>\n<\/div>\n\n\n\n<div class=\"wp-block-columns is-layout-flex wp-container-core-columns-is-layout-4 wp-block-columns-is-layout-flex\">\n<div class=\"wp-block-column is-layout-flow wp-block-column-is-layout-flow\">\n<figure class=\"wp-block-image size-full\"><img loading=\"lazy\" decoding=\"async\" width=\"568\" height=\"1024\" src=\"https:\/\/app.fitness-guide.ch\/files\/uploads\/2023\/12\/fitworx_1.png\" alt=\"\" class=\"wp-image-434\" srcset=\"https:\/\/app.fitness-guide.ch\/files\/uploads\/2023\/12\/fitworx_1.png 568w, https:\/\/app.fitness-guide.ch\/files\/uploads\/2023\/12\/fitworx_1-166x300.png 166w\" sizes=\"auto, (max-width: 568px) 100vw, 568px\" \/><\/figure>\n\n\n\n<p>Immettere i dati personali e attivare l\u2019applicazione nel centro di appartenenenza<\/p>\n<\/div>\n\n\n\n<div class=\"wp-block-column is-layout-flow wp-block-column-is-layout-flow\">\n<figure class=\"wp-block-image size-full\"><img loading=\"lazy\" decoding=\"async\" width=\"568\" height=\"1024\" src=\"https:\/\/app.fitness-guide.ch\/files\/uploads\/2023\/12\/fitworx_2.png\" alt=\"\" class=\"wp-image-438\" srcset=\"https:\/\/app.fitness-guide.ch\/files\/uploads\/2023\/12\/fitworx_2.png 568w, https:\/\/app.fitness-guide.ch\/files\/uploads\/2023\/12\/fitworx_2-166x300.png 166w\" sizes=\"auto, (max-width: 568px) 100vw, 568px\" \/><\/figure>\n\n\n\n<p>Cercare il centro ospitante sulla cartina della App<\/p>\n<\/div>\n\n\n\n<div class=\"wp-block-column is-layout-flow wp-block-column-is-layout-flow\">\n<figure class=\"wp-block-image size-full\"><img loading=\"lazy\" decoding=\"async\" width=\"568\" height=\"1024\" src=\"https:\/\/app.fitness-guide.ch\/files\/uploads\/2023\/12\/fitworx_3.png\" alt=\"\" class=\"wp-image-442\" srcset=\"https:\/\/app.fitness-guide.ch\/files\/uploads\/2023\/12\/fitworx_3.png 568w, https:\/\/app.fitness-guide.ch\/files\/uploads\/2023\/12\/fitworx_3-166x300.png 166w\" sizes=\"auto, (max-width: 568px) 100vw, 568px\" \/><\/figure>\n\n\n\n<p>Cercare il centro ospitante sulla lista<\/p>\n<\/div>\n<\/div>\n\n\n\n<h2 class=\"wp-block-heading has-text-align-center\" style=\"color:#CC0000;margin-bottom: 50px;\"><strong>Richiedete FITWORX al vostro centro fitness<\/strong><\/h2>\n","protected":false},"excerpt":{"rendered":"<p>La pi\u00f9 grande rete di allenamento per ospiti della Svizzera Installare l\u2019Applicazione e iniziare subito Ulteriori informazioni nel suo centro fitness Allenamento per ospiti gratuito in 300 centri certificati La FSCFS ha sviluppato un&#8217;applicazione e un software che permette alle 300 aziende certificate dalla Fitness Guide di offrire ai propri clienti un allenamento per ospiti&hellip;&nbsp;<a href=\"https:\/\/app.fitness-guide.ch\/it\/\" rel=\"bookmark\">Leggi tutto &raquo;<span class=\"screen-reader-text\">App<\/span><\/a><\/p>\n","protected":false},"author":2,"featured_media":0,"parent":0,"menu_order":0,"comment_status":"closed","ping_status":"closed","template":"","meta":{"neve_meta_sidebar":"full-width","neve_meta_container":"default","neve_meta_enable_content_width":"","neve_meta_content_width":0,"neve_meta_title_alignment":"left","neve_meta_author_avatar":"","neve_post_elements_order":"","neve_meta_disable_header":"","neve_meta_disable_footer":"","neve_meta_disable_title":"on","footnotes":""},"class_list":["post-406","page","type-page","status-publish","hentry"],"_links":{"self":[{"href":"https:\/\/app.fitness-guide.ch\/it\/wp-json\/wp\/v2\/pages\/406","targetHints":{"allow":["GET"]}}],"collection":[{"href":"https:\/\/app.fitness-guide.ch\/it\/wp-json\/wp\/v2\/pages"}],"about":[{"href":"https:\/\/app.fitness-guide.ch\/it\/wp-json\/wp\/v2\/types\/page"}],"author":[{"embeddable":true,"href":"https:\/\/app.fitness-guide.ch\/it\/wp-json\/wp\/v2\/users\/2"}],"replies":[{"embeddable":true,"href":"https:\/\/app.fitness-guide.ch\/it\/wp-json\/wp\/v2\/comments?post=406"}],"version-history":[{"count":2,"href":"https:\/\/app.fitness-guide.ch\/it\/wp-json\/wp\/v2\/pages\/406\/revisions"}],"predecessor-version":[{"id":465,"href":"https:\/\/app.fitness-guide.ch\/it\/wp-json\/wp\/v2\/pages\/406\/revisions\/465"}],"wp:attachment":[{"href":"https:\/\/app.fitness-guide.ch\/it\/wp-json\/wp\/v2\/media?parent=406"}],"curies":[{"name":"wp","href":"https:\/\/api.w.org\/{rel}","templated":true}]}}