{"id":81,"date":"2021-10-04T12:35:34","date_gmt":"2021-10-04T10:35:34","guid":{"rendered":"https:\/\/app.fitness-guide.ch\/?page_id=81"},"modified":"2024-09-24T10:36:47","modified_gmt":"2024-09-24T08:36:47","slug":"politique-de-confidentialite","status":"publish","type":"page","link":"https:\/\/app.fitness-guide.ch\/fr\/politique-de-confidentialite\/","title":{"rendered":"Conditions g\u00e9n\u00e9rales d&rsquo;utilisation des installations dans les centres d&rsquo;accueil"},"content":{"rendered":"\n<p>L&rsquo;utilisation des installations et des appareils d&rsquo;entra\u00eenement se fait aux propres risques et p\u00e9rils du CLIENT. Le \u00ab centre de fitness \u00bb d\u00e9cline express\u00e9ment toute responsabilit\u00e9 pour les dommages en cas d&rsquo;accidents, de blessures et\/ou de maladies du CLIENT, respectivement sa responsabilit\u00e9 est express\u00e9ment limit\u00e9e \u00e0 la pr\u00e9m\u00e9ditation et \u00e0 la n\u00e9gligence grave. <\/p>\n\n\n\n<p>Il en va de m\u00eame pour la responsabilit\u00e9 des auxiliaires du \u00ab centre de fitness \u00bb. Toute responsabilit\u00e9 pour la perte ou l&rsquo;endommagement d&rsquo;objets de valeur et\/ou de v\u00eatements apport\u00e9s par le CLIENT est express\u00e9ment exclue.<\/p>\n\n\n\n<div style=\"height:30px\" aria-hidden=\"true\" class=\"wp-block-spacer\"><\/div>\n\n\n\n<h1 class=\"wp-block-heading\">Politique de confidentialit\u00e9<\/h1>\n\n\n\n<h2 class=\"wp-block-heading\">1. Qui sommes-nous?<\/h2>\n\n\n\n<p>En principe, le traitement des donn\u00e9es conform\u00e9ment \u00e0 la pr\u00e9sente d\u00e9claration de protection des donn\u00e9es rel\u00e8ve de la responsabilit\u00e9 du<\/p>\n\n\n\n<p>F\u00e9d\u00e9ration Suisse des Centres Fitness et de Sant\u00e9 FSCFS<br>Bo\u00eete postale<br>3000 Berne<\/p>\n\n\n\n<p>responsable<br>(\u00ab\u00a0<meta charset=\"utf-8\">FSCFS\u00a0\u00bb, \u00ab\u00a0nous\u00a0\u00bb ou \u00ab\u00a0notre\u00a0\u00bb).<\/p>\n\n\n\n<p>Le d\u00e9l\u00e9gu\u00e9 \u00e0 la protection des donn\u00e9es de le FSCFS est Claude Amman, Pr\u00e9sident, case postale 3000 Berne.<\/p>\n\n\n\n<h2 class=\"wp-block-heading\">2. Que sont les \u00ab\u00a0donn\u00e9es personnelles\u00a0\u00bb et que signifie \u00ab\u00a0traitement\u00a0\u00bb?<\/h2>\n\n\n\n<p>Le droit de la protection des donn\u00e9es r\u00e9glemente le traitement des donn\u00e9es personnelles. Par donn\u00e9es personnelles (ou \u00ab\u00a0donn\u00e9es relatives aux personnes\u00a0\u00bb), on entend toutes les informations que l\u2019on peut associer \u00e0 une personne d\u00e9termin\u00e9e. Les informations suivantes peuvent par ex. en faire partie:<\/p>\n\n\n\n<ul class=\"wp-block-list\">\n<li>Coordonn\u00e9es, par ex. nom, adresse postale, adresse \u00e9lectronique ou num\u00e9ro de t\u00e9l\u00e9phone;<\/li>\n\n\n\n<li>Informations personnelles, comme par ex. sexe, jour de naissance et \u00e2ge, situation matrimoniale ou nationalit\u00e9;<\/li>\n\n\n\n<li>Enregistrements de vos visites sur les sites Internet et enregistrements de votre utilisation d\u2019applications mobiles.<\/li>\n<\/ul>\n\n\n\n<p>Ensuite, le \u00ab\u00a0traitement\u00a0\u00bb signifie toute gestion de vos donn\u00e9es personnelles. Ceci inclut, par exemple, les actions suivantes&nbsp;:<\/p>\n\n\n\n<ul class=\"wp-block-list\">\n<li>Collecte et conservation;<\/li>\n\n\n\n<li>Adaptation et modification;<\/li>\n\n\n\n<li>Utilisation et usage;<\/li>\n\n\n\n<li>Lien vers d\u2019autres donn\u00e9es;<\/li>\n\n\n\n<li>Transmission;<\/li>\n\n\n\n<li>Suppression et destruction.<\/li>\n<\/ul>\n\n\n\n<h2 class=\"wp-block-heading\">3. Quelles donn\u00e9es personnelles traitons-nous?<\/h2>\n\n\n\n<p>Selon l\u2019occasion et l\u2019objectif, nous traitons diff\u00e9rentes donn\u00e9es personnelles. Vous trouverez de plus amples informations \u00e0 ce sujet dans cette section.<\/p>\n\n\n\n<p>Lors d\u2019un acc\u00e8s \u00e0 notre site Internet et \u00e0 nos applications mobiles, les donn\u00e9es suivantes sont notamment enregistr\u00e9es dans des fichiers journaux (\u00ab\u00a0Logfiles\u00a0\u00bb): Adresse IP ou identifiant mobile, date, heure, requ\u00eate de navigateur et informations g\u00e9n\u00e9rales transmises relatives au syst\u00e8me d\u2019exploitation ou au navigateur.<\/p>\n\n\n\n<p>Lorsque vous nous contactez, nous recueillons et traitons les indications suivantes vous concernant, que vous nous communiquez dans le cadre de votre inscription: Pr\u00e9nom, nom et adresse \u00e9lectronique.<\/p>\n\n\n\n<p>Si vous visitez ou utilisez notre site Internet et nos applications mobiles, nous traitons des donn\u00e9es techniques, par ex. des indications sur le moment de l\u2019acc\u00e8s \u00e0 notre site ou aux applications mobiles, la dur\u00e9e de la visite, les pages et applications mobiles consult\u00e9es ainsi que les informations sur le terminal utilis\u00e9.<\/p>\n\n\n\n<h2 class=\"wp-block-heading\">4. \u00c0 quelles fins traitons-nous les donn\u00e9es personnelles?<\/h2>\n\n\n\n<p>Nous traitons les donn\u00e9es personnelles notamment aux fins suivantes:<\/p>\n\n\n\n<ul class=\"wp-block-list\">\n<li>\u00e9valuations statistiques, pseudonymes ou anonymes, afin de mieux conna\u00eetre et faire conna\u00eetre le comportement de nos utilisateurs et les tendances. Cela nous permet de constamment am\u00e9liorer notre offre;<\/li>\n\n\n\n<li>gestion de nos ressources informatiques et autres ressources;<\/li>\n\n\n\n<li>mettre \u00e0 disposition, g\u00e9rer, s\u00e9curiser et personnaliser des sites Internet, des applications mobiles et des offres en ligne;<\/li>\n\n\n\n<li>Pour l\u2019envoi d\u2019informations adapt\u00e9es aux groupes-cibles par le biais de canaux \u00e9lectroniques (pour autant que le destinataire n\u2019ait pas r\u00e9fut\u00e9 la r\u00e9ception de telles informations);<\/li>\n\n\n\n<li>communication avec vous;<\/li>\n\n\n\n<li>archivage et d\u2019autres fins administratives;<\/li>\n\n\n\n<li>examen et respect d\u2019obligations l\u00e9gales, y compris les ordonnances d\u2019un tribunal ou d\u2019une autorit\u00e9.<\/li>\n<\/ul>\n\n\n\n<h2 class=\"wp-block-heading\">5. \u00c0 qui transmettons-nous vos donn\u00e9es personnelles?<\/h2>\n\n\n\n<p>Les donn\u00e9es personnelles sont trait\u00e9es confidentiellement. Nos collaborateurs ont acc\u00e8s \u00e0 vos donn\u00e9es personnelles, pour autant que cela est n\u00e9cessaire pour les objectifs d\u00e9crits et pour l\u2019activit\u00e9 du collaborateur concern\u00e9. En font partie les collaborateurs dans les domaines du support, comme par ex. l\u2019informatique. Ils sont tenus \u00e0 la confidentialit\u00e9 lors du traitement de vos donn\u00e9es personnelles. De plus, nous pouvons transmettre vos donn\u00e9es personnelles \u00e0 des tiers, dont nous prenons en charge les prestations (par ex. prestataire de services informatiques).<\/p>\n\n\n\n<p>Dans certains cas particuliers, nous pouvons transmettre vos donn\u00e9es personnelles \u00e0 d\u2019autres organes pour leurs propres besoins, par ex. aux autorit\u00e9s de poursuite p\u00e9nale en cas de soup\u00e7on d\u2019abus. Dans ces cas-l\u00e0, le destinataire des donn\u00e9es est propre responsable du point de vue du droit de la protection des donn\u00e9es.<\/p>\n\n\n\n<h2 class=\"wp-block-heading\">6. Quand divulguons-nous vos donn\u00e9es personnelles \u00e0 l\u2019\u00e9tranger?<\/h2>\n\n\n\n<p>Les destinataires de vos donn\u00e9es personnelles peuvent aussi \u00eatre \u00e9tablis \u00e0 l\u2019\u00e9tranger \u2013 m\u00eame en dehors de l\u2019UE ou de l\u2019EEE. Il est possible que les pays concern\u00e9s ne disposent pas des lois qui prot\u00e8gent vos donn\u00e9es personnelles dans la m\u00eame \u00e9tendue qu\u2019en Suisse, dans l\u2019UE ou l\u2019EEE. Si nous devions transmettre vos donn\u00e9es personnelles \u00e0 un tel \u00c9tat, nous prendrions les mesures n\u00e9cessaires afin de prot\u00e9ger vos donn\u00e9es personnelles, par ex. en concluant un accord correspondant.<\/p>\n\n\n\n<h2 class=\"wp-block-heading\">7. Comment traitons-nous les donn\u00e9es personnelles en rapport avec les sites Internet et les applications mobiles?<\/h2>\n\n\n\n<p>Lorsque vous visitez ou utilisez notre site Internet et nos applications mobiles, nous traitons vos donn\u00e9es personnelles (cf. ch. 3) afin de pouvoir mettre \u00e0 disposition le site Internet ou les applications mobiles, pour des raisons de s\u00e9curit\u00e9 informatique et pour am\u00e9liorer la convivialit\u00e9 d\u2019utilisation. Par ailleurs, nous utilisons des \u00ab&nbsp;cookies&nbsp;\u00bb, i.e. des fichiers qui sont enregistr\u00e9s sur votre terminal, et des technologies similaires lorsque vous visitez notre site Internet ou utilisez nos applications mobiles. Certains cookies sont requis pour la fonctionnalit\u00e9 du site Internet. Nous utilisons d\u2019autres cookies pour enregistrer les param\u00e8tres (par ex. votre localit\u00e9 s\u00e9lectionn\u00e9e pour les pr\u00e9visions locales) pour une visite ult\u00e9rieure, pour des statistiques anonymes sur l\u2019utilisation de notre site Internet et \u00e0 des fins de personnalisation de contenus sp\u00e9cifiques sur notre site. Ces cookies sont supprim\u00e9s en l&rsquo;espace d\u2019un an apr\u00e8s la visite du site Internet.<\/p>\n\n\n\n<p>Par ailleurs, nous utilisons des cookies de tiers, afin que ces derniers puissent collecter les donn\u00e9es n\u00e9cessaires pour leurs prestations de services. Nous ne transmettons aucune donn\u00e9e personnelle \u00e0 de tels prestataires tiers. Ces derniers collectent toutefois des informations par le biais de votre utilisation de notre site Internet, afin de pouvoir fournir leurs prestations de services. \u00c0 cet \u00e9gard, il s\u2019agit en premier lieu d\u2019\u00e9valuations statistiques relatives \u00e0 l\u2019utilisation de notre site. Le cas \u00e9ch\u00e9ant, les prestataires tiers peuvent combiner les informations que vous avez collect\u00e9es avec les donn\u00e9es d\u2019autres sites Internet que vous avez visit\u00e9s et qui collaborent avec ces tiers, et peuvent utiliser ces donn\u00e9es \u00e0 des fins personnelles (par ex. pour le pilotage de publicit\u00e9 sur les pages partenaires de ce prestataire). Au cas o\u00f9 vous vous \u00eates inscrits aupr\u00e8s du prestataire correspondant, ce dernier peut vous identifier. Ce traitement de vos donn\u00e9es personnelles s\u2019effectue sous la propre responsabilit\u00e9 du prestataire selon ses propres dispositions de protection des donn\u00e9es.<\/p>\n\n\n\n<p>Google Analytics constitue un exemple de service d\u2019analyses&nbsp;: il s\u2019agit d\u2019un service de Google LLC bas\u00e9 aux \u00c9tats-Unis et de Google Ireland Limited \u00e9tabli en Irlande (collectivement \u00ab&nbsp;Google&nbsp;\u00bb). Google utilise des cookies afin de collecter des informations sur votre utilisation de notre site ou de nos applications mobiles et sur le terminal utilis\u00e9 \u00e0 cet \u00e9gard (tablette, PC, smartphone, etc.), par ex. des donn\u00e9es sur votre navigateur, le site Internet \u00e0 partir duquel vous avez acc\u00e9d\u00e9 \u00e0 notre site, le nom de votre fournisseur, votre adresse IP, la date et l\u2019heure de l\u2019acc\u00e8s au site Internet, les pages visit\u00e9es et la dur\u00e9e pass\u00e9e sur le site et, le cas \u00e9ch\u00e9ant, les visites d&rsquo;autres sites et applications mobiles. Sur la base de ces informations, nous obtenons des \u00e9valuations de Google. Google enregistre ces informations aux \u00c9tats-Unis&nbsp;; toutefois, votre adresse IP est pr\u00e9alablement abr\u00e9g\u00e9e dans l\u2019UE ou l\u2019EEE. Vous pouvez emp\u00eacher l\u2019utilisation de Google Analytics par le biais d\u2019un module compl\u00e9mentaire de d\u00e9sactivation pour navigateur (\u00ab&nbsp;Browser Add-on&nbsp;\u00bb), que vous pouvez installer sous&nbsp;<a href=\"https:\/\/tools.google.com\/dlpage\/gaoptout?hl=fr\" target=\"_blank\" rel=\"noreferrer noopener\">https:\/\/tools.google.com\/dlpage\/gaoptout&nbsp;<\/a>.<\/p>\n\n\n\n<p>Par ailleurs, nous utilisons le service de notification (\u00ab&nbsp;Notification Service&nbsp;\u00bb) d\u2019Apple Inc., USA, ainsi que le service \u00ab&nbsp;Google Firebase&nbsp;\u00bb afin de diffuser les notifications Push&nbsp;; cette derni\u00e8re fonctionnalit\u00e9 est \u00e9galement un service de Google. \u00c0 cet \u00e9gard, un ID pseudonymis\u00e9 est attribu\u00e9 \u00e0 votre terminal, c&rsquo;est-\u00e0-dire un num\u00e9ro de liaison univoque et \u00ab&nbsp;non parlant&nbsp;\u00bb, \u00e0 l&rsquo;aide duquel nous pouvons vous adresser les notifications Push. Vous pouvez \u00e0 tout moment modifier ces derni\u00e8res dans les param\u00e8tres des applications mobiles. En outre, nous utilisons \u00ab&nbsp;Google Firebase Crash Reporting&nbsp;\u00bb afin d\u2019am\u00e9liorer nos applications mobiles et les rendre plus stables. A cet \u00e9gard, nous collectons les donn\u00e9es sur le terminal que vous employez et celles relatives \u00e0 l\u2019utilisation de nos applications mobiles (par ex. le moment o\u00f9 l\u2019on a lanc\u00e9 l\u2019application mobile en question et o\u00f9 un dysfonctionnement est apparu), nous permettant de diagnostiquer et de r\u00e9soudre les d\u00e9faillances. Lors de l\u2019utilisation de \u00ab&nbsp;Firebase Crash Report&nbsp;\u00bb, vos donn\u00e9es sont uniquement collect\u00e9es sous une forme anonymis\u00e9e, de sorte que ni Google Inc. ni nous-m\u00eames pouvons tirer de conclusion sur votre personne. Vous trouverez de plus amples informations \u00e0 ce sujet ainsi que sur la protection des donn\u00e9es des produits Google dans les&nbsp;<a href=\"https:\/\/policies.google.com\/privacy?hl=fr\" target=\"_blank\" rel=\"noreferrer noopener\">r\u00e8gles de confidentialit\u00e9 de Google&nbsp;<\/a>.<\/p>\n\n\n\n<p>Vous pouvez emp\u00eacher l\u2019utilisation des technologies cit\u00e9es ci-dessus, pour autant qu\u2019elles ne sont pas requises afin d\u2019assurer le bon fonctionnement du site Internet ou de l\u2019application mobile&nbsp;: dans votre navigateur, vous pouvez emp\u00eacher que les cookies soient accept\u00e9s en acc\u00e9dant aux param\u00e8tres correspondants et en supprimant les cookies enregistr\u00e9s (nous vous signalons que lors d\u2019un tel param\u00e9trage, les fonctions de ce site ne seront plus enti\u00e8rement \u00e0 disposition), et vous pouvez d\u00e9sinstaller les applications mobiles ou, le cas \u00e9ch\u00e9ant, les configurer de telle sorte que certaines fonctions (de suivi [\u00ab&nbsp;tracking&nbsp;\u00bb], comme par ex. la fonction de localisation) ne soient pas utilis\u00e9es ou rejet\u00e9es.<\/p>\n\n\n\n<h2 class=\"wp-block-heading\">8. Combien de temps conservons-nous vos donn\u00e9es personnelles?<\/h2>\n\n\n\n<p>Nous conservons vos donn\u00e9es personnelles, sous une forme de donn\u00e9es relatives aux personnes, aussi longtemps que n\u00e9cessaire pour la finalit\u00e9 sp\u00e9cifique pour laquelle nous les avons collect\u00e9es, en r\u00e8gle g\u00e9n\u00e9rale au moins pendant la dur\u00e9e de l\u2019inscription. Vous avez \u00e0 tout moment la possibilit\u00e9 d\u2019annuler votre inscription.<\/p>\n\n\n\n<p>En outre, nous conservons les donn\u00e9es personnelles si nous avons un int\u00e9r\u00eat l\u00e9gitime \u00e0 les stocker, par ex. \u00e0 des fins de documentation et de conservation des preuves ainsi que de pr\u00e9servation et de d\u00e9fense des droits l\u00e9gaux. De surcro\u00eet, nous conservons vos donn\u00e9es personnelles aussi longtemps qu\u2019elles sont soumises \u00e0 une obligation l\u00e9gale de conservation.<\/p>\n\n\n\n<h2 class=\"wp-block-heading\">9. Comment prot\u00e9geons-nous vos donn\u00e9es personnelles?<\/h2>\n\n\n\n<p>En \u00e9troite collaboration avec nos fournisseurs d\u2019h\u00e9bergement (\u00ab&nbsp;Hosting-Provider&nbsp;\u00bb) internes et externes et d\u2019autres prestataires informatiques, nous prenons des mesures de s\u00e9curit\u00e9 appropri\u00e9es de nature technique (par ex. cryptage, pseudonymisation, enregistrement, restriction d\u2019acc\u00e8s, s\u00e9curisation des donn\u00e9es, etc.) et organisationnelle (par ex. directives \u00e0 l\u2019intention de nos collaborateurs, accords de confidentialit\u00e9, v\u00e9rifications, etc.) afin de garantir la s\u00e9curit\u00e9 de vos donn\u00e9es personnelles, de les prot\u00e9ger contre des traitements injustifi\u00e9s ou illicites et d\u2019agir contre le danger de la perte, d\u2019une modification non intentionnelle, d\u2019une communication accidentelle ou d\u2019un acc\u00e8s injustifi\u00e9. Toutefois, il est g\u00e9n\u00e9ralement impossible d\u2019exclure totalement les menaces de s\u00e9curit\u00e9&nbsp;; certains risques r\u00e9siduels sont la plupart du temps in\u00e9vitables.<\/p>\n\n\n\n<h2 class=\"wp-block-heading\">10. Quels droits disposez-vous en rapport avec le traitement de vos donn\u00e9es personnelles?<\/h2>\n\n\n\n<p>Vous pouvez \u00e0 tout moment vous opposer aux traitements des donn\u00e9es. En outre, dans le cadre du droit qui vous est applicable, vous avez le droit de renseignement, de rectification, de suppression, de limitation du traitement des donn\u00e9es, de vous opposer \u00e0 nos traitements de donn\u00e9es et le droit d\u2019obtenir gratuitement et dans un format lisible les donn\u00e9es personnelles que vous nous avez mises \u00e0 disposition. De plus, vous avez le droit de r\u00e9voquer votre consentement, sans que cela ne mette en cause la l\u00e9galit\u00e9 du traitement des donn\u00e9es effectu\u00e9 jusqu\u2019\u00e0 la r\u00e9vocation. Vous pouvez \u00e9galement d\u00e9poser une plainte aupr\u00e8s de l\u2019autorit\u00e9 comp\u00e9tente en mati\u00e8re de protection des donn\u00e9es.<\/p>\n\n\n\n<h2 class=\"wp-block-heading\">11. Autres<\/h2>\n\n\n\n<p>Le traitement de vos donn\u00e9es personnelles est notamment n\u00e9cessaire pour conclure ou r\u00e9aliser un contrat avec vous-m\u00eames ou pour traiter les donn\u00e9es personnelles avec votre consentement. Par ailleurs, le traitement est n\u00e9cessaire \u00e0 la protection de nos int\u00e9r\u00eats l\u00e9gitimes, comme par ex.&nbsp;: communication avec les utilisateurs m\u00eame en dehors d\u2019un contrat&nbsp;; activit\u00e9s d\u2019information&nbsp;; mieux conna\u00eetre nos utilisateurs&nbsp;; am\u00e9liorer les prestations et en d\u00e9velopper de nouvelles&nbsp;; prot\u00e9ger les utilisateurs et les donn\u00e9es&nbsp;; assurer la s\u00e9curit\u00e9 informatique, notamment en rapport avec l\u2019utilisation des sites Internet, des applications mobiles et autres infrastructures informatiques&nbsp;; garantir et organiser les activit\u00e9s commerciales, y compris l\u2019exploitation et le d\u00e9veloppement ult\u00e9rieur de sites Internet et autres syst\u00e8mes&nbsp;; faire respecter ou d\u00e9fendre les droits l\u00e9gaux&nbsp;; respecter le droit suisse et les r\u00e8glements internes. Par principe, vous n\u2019\u00eates pas tenu de mettre \u00e0 disposition vos donn\u00e9es personnelles. C\u2019est uniquement dans le cadre de votre inscription que vous devez indiquer des donn\u00e9es sp\u00e9cifiques (par ex. votre adresse \u00e9lectronique ou votre nom). Lors de l\u2019utilisation de sites Internet et d\u2019applications mobiles, le traitement des donn\u00e9es de journal et de certaines autres donn\u00e9es est \u00e9galement n\u00e9cessaire. Lorsque vous communiquez avec nous, nous devons \u00e9galement traiter au moins les donn\u00e9es personnelles que vous nous transmettez ou celles que nous vous transmettons.<\/p>\n","protected":false},"excerpt":{"rendered":"<p>L&rsquo;utilisation des installations et des appareils d&rsquo;entra\u00eenement se fait aux propres risques et p\u00e9rils du CLIENT. Le \u00ab centre de fitness \u00bb d\u00e9cline express\u00e9ment toute responsabilit\u00e9 pour les dommages en cas d&rsquo;accidents, de blessures et\/ou de maladies du CLIENT, respectivement sa responsabilit\u00e9 est express\u00e9ment limit\u00e9e \u00e0 la pr\u00e9m\u00e9ditation et \u00e0 la n\u00e9gligence grave. Il en&hellip;&nbsp;<a href=\"https:\/\/app.fitness-guide.ch\/fr\/politique-de-confidentialite\/\" rel=\"bookmark\">Lire la suite &raquo;<span class=\"screen-reader-text\">Conditions g\u00e9n\u00e9rales d&rsquo;utilisation des installations dans les centres d&rsquo;accueil<\/span><\/a><\/p>\n","protected":false},"author":2,"featured_media":0,"parent":0,"menu_order":0,"comment_status":"closed","ping_status":"open","template":"","meta":{"neve_meta_sidebar":"","neve_meta_container":"","neve_meta_enable_content_width":"","neve_meta_content_width":0,"neve_meta_title_alignment":"","neve_meta_author_avatar":"","neve_post_elements_order":"","neve_meta_disable_header":"","neve_meta_disable_footer":"","neve_meta_disable_title":"","footnotes":""},"class_list":["post-81","page","type-page","status-publish","hentry"],"_links":{"self":[{"href":"https:\/\/app.fitness-guide.ch\/fr\/wp-json\/wp\/v2\/pages\/81","targetHints":{"allow":["GET"]}}],"collection":[{"href":"https:\/\/app.fitness-guide.ch\/fr\/wp-json\/wp\/v2\/pages"}],"about":[{"href":"https:\/\/app.fitness-guide.ch\/fr\/wp-json\/wp\/v2\/types\/page"}],"author":[{"embeddable":true,"href":"https:\/\/app.fitness-guide.ch\/fr\/wp-json\/wp\/v2\/users\/2"}],"replies":[{"embeddable":true,"href":"https:\/\/app.fitness-guide.ch\/fr\/wp-json\/wp\/v2\/comments?post=81"}],"version-history":[{"count":3,"href":"https:\/\/app.fitness-guide.ch\/fr\/wp-json\/wp\/v2\/pages\/81\/revisions"}],"predecessor-version":[{"id":473,"href":"https:\/\/app.fitness-guide.ch\/fr\/wp-json\/wp\/v2\/pages\/81\/revisions\/473"}],"wp:attachment":[{"href":"https:\/\/app.fitness-guide.ch\/fr\/wp-json\/wp\/v2\/media?parent=81"}],"curies":[{"name":"wp","href":"https:\/\/api.w.org\/{rel}","templated":true}]}}