{"id":416,"date":"2021-10-01T18:30:52","date_gmt":"2021-10-01T16:30:52","guid":{"rendered":"https:\/\/app.fitness-guide.ch\/?page_id=416"},"modified":"2023-12-07T15:31:21","modified_gmt":"2023-12-07T14:31:21","slug":"app","status":"publish","type":"page","link":"https:\/\/app.fitness-guide.ch\/fr\/","title":{"rendered":"App"},"content":{"rendered":"\n<div class=\"wp-block-columns mt-3 is-layout-flex wp-container-core-columns-is-layout-1 wp-block-columns-is-layout-flex\">\n<div class=\"wp-block-column is-layout-flow wp-block-column-is-layout-flow\" style=\"flex-basis:66.66%\">\n<figure class=\"wp-block-image size-large\"><img loading=\"lazy\" decoding=\"async\" width=\"1024\" height=\"840\" src=\"https:\/\/app.fitness-guide.ch\/files\/uploads\/2021\/10\/phone_screenshot-1024x840.png\" alt=\"\" class=\"wp-image-153\" srcset=\"https:\/\/app.fitness-guide.ch\/files\/uploads\/2021\/10\/phone_screenshot-1024x840.png 1024w, https:\/\/app.fitness-guide.ch\/files\/uploads\/2021\/10\/phone_screenshot-300x246.png 300w, https:\/\/app.fitness-guide.ch\/files\/uploads\/2021\/10\/phone_screenshot-768x630.png 768w, https:\/\/app.fitness-guide.ch\/files\/uploads\/2021\/10\/phone_screenshot-1536x1260.png 1536w, https:\/\/app.fitness-guide.ch\/files\/uploads\/2021\/10\/phone_screenshot.png 2000w\" sizes=\"auto, (max-width: 1024px) 100vw, 1024px\" \/><\/figure>\n<\/div>\n\n\n\n<div class=\"wp-block-column is-layout-flow wp-block-column-is-layout-flow\" style=\"flex-basis:33.33%\">\n<figure class=\"wp-block-image size-large mt-3\"><img loading=\"lazy\" decoding=\"async\" width=\"1024\" height=\"193\" src=\"https:\/\/app.fitness-guide.ch\/files\/uploads\/2021\/10\/fitworx-logo-1024x193.png\" alt=\"\" class=\"wp-image-161\" srcset=\"https:\/\/app.fitness-guide.ch\/files\/uploads\/2021\/10\/fitworx-logo-1024x193.png 1024w, https:\/\/app.fitness-guide.ch\/files\/uploads\/2021\/10\/fitworx-logo-300x57.png 300w, https:\/\/app.fitness-guide.ch\/files\/uploads\/2021\/10\/fitworx-logo-768x145.png 768w, https:\/\/app.fitness-guide.ch\/files\/uploads\/2021\/10\/fitworx-logo.png 1430w\" sizes=\"auto, (max-width: 1024px) 100vw, 1024px\" \/><\/figure>\n\n\n\n<hr class=\"wp-block-separator has-text-color has-css-opacity has-background is-style-default\" style=\"background-color:#ae0e18;color:#ae0e18\"\/>\n\n\n\n<h2 class=\"wp-block-heading has-text-align-center\"><meta charset=\"utf-8\"><\/meta>Le plus grand r\u00e9seau de centres de fitness de Suisse<\/h2>\n\n\n\n<hr class=\"wp-block-separator has-text-color has-css-opacity has-background\" style=\"background-color:#ae0e18;color:#ae0e18\"\/>\n\n\n\n<h2 class=\"wp-block-heading has-text-align-center\"><meta charset=\"utf-8\"><\/meta>Installer l\u2019application et la lancer<\/h2>\n\n\n\n<hr class=\"wp-block-separator has-text-color has-css-opacity has-background\" style=\"background-color:#ae0e18;color:#ae0e18\"\/>\n\n\n\n<h2 class=\"wp-block-heading has-text-align-center\"><meta charset=\"utf-8\"><\/meta>Plus d\u2019informations dans votre centre de fitness<\/h2>\n<\/div>\n<\/div>\n\n\n\n<div class=\"wp-block-columns md100 is-layout-flex wp-container-core-columns-is-layout-2 wp-block-columns-is-layout-flex\">\n<div class=\"wp-block-column is-layout-flow wp-block-column-is-layout-flow\"><\/div>\n\n\n\n<div class=\"wp-block-column is-layout-flow wp-block-column-is-layout-flow\">\n<figure class=\"wp-block-image size-large height-50 float-right\"><a href=\"https:\/\/apps.apple.com\/pt\/app\/fitness-guide\/id1578480370\" target=\"_blank\" rel=\"noopener\"><img loading=\"lazy\" decoding=\"async\" width=\"1024\" height=\"342\" src=\"https:\/\/app.fitness-guide.ch\/files\/uploads\/2021\/10\/apple_app_store-1024x342.png\" alt=\"\" class=\"wp-image-217\" srcset=\"https:\/\/app.fitness-guide.ch\/files\/uploads\/2021\/10\/apple_app_store-1024x342.png 1024w, https:\/\/app.fitness-guide.ch\/files\/uploads\/2021\/10\/apple_app_store-300x100.png 300w, https:\/\/app.fitness-guide.ch\/files\/uploads\/2021\/10\/apple_app_store-768x256.png 768w, https:\/\/app.fitness-guide.ch\/files\/uploads\/2021\/10\/apple_app_store.png 1420w\" sizes=\"auto, (max-width: 1024px) 100vw, 1024px\" \/><\/a><\/figure>\n<\/div>\n\n\n\n<div class=\"wp-block-column is-layout-flow wp-block-column-is-layout-flow\">\n<figure class=\"wp-block-image size-large height-50\"><a href=\"https:\/\/play.google.com\/store\/apps\/details?id=com.sfgv.cmexmobile\" target=\"_blank\" rel=\"noopener\"><img loading=\"lazy\" decoding=\"async\" width=\"1024\" height=\"303\" src=\"https:\/\/app.fitness-guide.ch\/files\/uploads\/2021\/10\/google_play-1024x303.png\" alt=\"\" class=\"wp-image-221\" srcset=\"https:\/\/app.fitness-guide.ch\/files\/uploads\/2021\/10\/google_play-1024x303.png 1024w, https:\/\/app.fitness-guide.ch\/files\/uploads\/2021\/10\/google_play-300x89.png 300w, https:\/\/app.fitness-guide.ch\/files\/uploads\/2021\/10\/google_play-768x228.png 768w, https:\/\/app.fitness-guide.ch\/files\/uploads\/2021\/10\/google_play-1536x455.png 1536w, https:\/\/app.fitness-guide.ch\/files\/uploads\/2021\/10\/google_play.png 1600w\" sizes=\"auto, (max-width: 1024px) 100vw, 1024px\" \/><\/a><\/figure>\n<\/div>\n\n\n\n<div class=\"wp-block-column is-layout-flow wp-block-column-is-layout-flow\"><\/div>\n<\/div>\n\n\n\n<h2 class=\"wp-block-heading\"><br><br>S\u2019entra\u00eener gratuitement dans 300 centres de fitness certifi\u00e9s<\/h2>\n\n\n\n<div class=\"wp-block-columns is-layout-flex wp-container-core-columns-is-layout-3 wp-block-columns-is-layout-flex\">\n<div class=\"wp-block-column is-layout-flow wp-block-column-is-layout-flow\">\n<p><strong>La FSCFS a d\u00e9velopp\u00e9 une application et un logiciel qui permet aux 300 entreprises certifi\u00e9es Fitness Guide de proposer \u00e0 leurs client(e)s un v\u00e9ritable service ajout\u00e9 avec l\u2019offre d\u2019entra\u00eenement dans tous les centres du r\u00e9seau. Les personnes qui se trouvent temporairement \u00e9loign\u00e9es de leur centre de fitness habituel peuvent tout de m\u00eame s\u2019entra\u00eener gr\u00e2ce au plus grand r\u00e9seau de centres de fitness et de sant\u00e9 certifi\u00e9s en Suisse.<\/strong><\/p>\n<\/div>\n\n\n\n<div class=\"wp-block-column is-layout-flow wp-block-column-is-layout-flow\">\n<p>Les 300 centres certifi\u00e9s Fitness Guide peuvent proposer cette application \u00e0 leurs client(e)s. En d\u2019autres termes, ceux-ci peuvent installer l\u2019application Fitness Guide via le Store, puis l\u2019activer dans le centre de base o\u00f9 ils ont un abonnement. Gr\u00e2ce \u00e0 l\u2019application, les client(e)s du centre de base peuvent s\u2019entra\u00eener gratuitement dans les autres centres de fitness participants. Les centres du r\u00e9seau couvrent un territoire aussi vaste que possible dans toute la Suisse (Suisse al\u00e9manique, Suisse romande, Tessin). Ainsi, que l\u2019on soit en voyage, en d\u00e9placement professionnel, en vacances ou en week-end, il est possible de continuer \u00e0 s\u2019entra\u00eener avec les m\u00eames standards de qualit\u00e9 dans d\u2019autres centres que dans son centre de base. Seule la certification Fitness Guide permet aux centres d\u2019obtenir l\u2019application, ce qui garantit \u00e0 la client\u00e8le de trouver le m\u00eame niveau de qualit\u00e9 partout.<\/p>\n<\/div>\n<\/div>\n\n\n\n<div class=\"wp-block-columns is-layout-flex wp-container-core-columns-is-layout-4 wp-block-columns-is-layout-flex\">\n<div class=\"wp-block-column is-layout-flow wp-block-column-is-layout-flow\">\n<figure class=\"wp-block-image size-full\"><img loading=\"lazy\" decoding=\"async\" width=\"568\" height=\"1024\" src=\"https:\/\/app.fitness-guide.ch\/files\/uploads\/2023\/12\/fitworx_1.png\" alt=\"\" class=\"wp-image-434\" srcset=\"https:\/\/app.fitness-guide.ch\/files\/uploads\/2023\/12\/fitworx_1.png 568w, https:\/\/app.fitness-guide.ch\/files\/uploads\/2023\/12\/fitworx_1-166x300.png 166w\" sizes=\"auto, (max-width: 568px) 100vw, 568px\" \/><\/figure>\n\n\n\n<p>Introduire ses donn\u00e9es personnelles et activer l\u2019application dans son centre de base<\/p>\n<\/div>\n\n\n\n<div class=\"wp-block-column is-layout-flow wp-block-column-is-layout-flow\">\n<figure class=\"wp-block-image size-full\"><img loading=\"lazy\" decoding=\"async\" width=\"568\" height=\"1024\" src=\"https:\/\/app.fitness-guide.ch\/files\/uploads\/2023\/12\/fitworx_2.png\" alt=\"\" class=\"wp-image-438\" srcset=\"https:\/\/app.fitness-guide.ch\/files\/uploads\/2023\/12\/fitworx_2.png 568w, https:\/\/app.fitness-guide.ch\/files\/uploads\/2023\/12\/fitworx_2-166x300.png 166w\" sizes=\"auto, (max-width: 568px) 100vw, 568px\" \/><\/figure>\n\n\n\n<p>Rechercher un centre partenaire sur la carte g\u00e9ographique<\/p>\n<\/div>\n\n\n\n<div class=\"wp-block-column is-layout-flow wp-block-column-is-layout-flow\">\n<figure class=\"wp-block-image size-full\"><img loading=\"lazy\" decoding=\"async\" width=\"568\" height=\"1024\" src=\"https:\/\/app.fitness-guide.ch\/files\/uploads\/2023\/12\/fitworx_3.png\" alt=\"\" class=\"wp-image-442\" srcset=\"https:\/\/app.fitness-guide.ch\/files\/uploads\/2023\/12\/fitworx_3.png 568w, https:\/\/app.fitness-guide.ch\/files\/uploads\/2023\/12\/fitworx_3-166x300.png 166w\" sizes=\"auto, (max-width: 568px) 100vw, 568px\" \/><\/figure>\n\n\n\n<p>Rechercher un centre partenaire dans la liste des centres du r\u00e9seau<\/p>\n<\/div>\n<\/div>\n\n\n\n<h2 class=\"wp-block-heading has-text-align-center\" style=\"color:#CC0000;margin-bottom: 50px;\"><strong>Demandez FITWORX dans votre centre de fitness<\/strong><\/h2>\n","protected":false},"excerpt":{"rendered":"<p>Le plus grand r\u00e9seau de centres de fitness de Suisse Installer l\u2019application et la lancer Plus d\u2019informations dans votre centre de fitness S\u2019entra\u00eener gratuitement dans 300 centres de fitness certifi\u00e9s La FSCFS a d\u00e9velopp\u00e9 une application et un logiciel qui permet aux 300 entreprises certifi\u00e9es Fitness Guide de proposer \u00e0 leurs client(e)s un v\u00e9ritable service&hellip;&nbsp;<a href=\"https:\/\/app.fitness-guide.ch\/fr\/\" rel=\"bookmark\">Lire la suite &raquo;<span class=\"screen-reader-text\">App<\/span><\/a><\/p>\n","protected":false},"author":2,"featured_media":0,"parent":0,"menu_order":0,"comment_status":"closed","ping_status":"closed","template":"","meta":{"neve_meta_sidebar":"full-width","neve_meta_container":"default","neve_meta_enable_content_width":"","neve_meta_content_width":0,"neve_meta_title_alignment":"left","neve_meta_author_avatar":"","neve_post_elements_order":"","neve_meta_disable_header":"","neve_meta_disable_footer":"","neve_meta_disable_title":"on","footnotes":""},"class_list":["post-416","page","type-page","status-publish","hentry"],"_links":{"self":[{"href":"https:\/\/app.fitness-guide.ch\/fr\/wp-json\/wp\/v2\/pages\/416","targetHints":{"allow":["GET"]}}],"collection":[{"href":"https:\/\/app.fitness-guide.ch\/fr\/wp-json\/wp\/v2\/pages"}],"about":[{"href":"https:\/\/app.fitness-guide.ch\/fr\/wp-json\/wp\/v2\/types\/page"}],"author":[{"embeddable":true,"href":"https:\/\/app.fitness-guide.ch\/fr\/wp-json\/wp\/v2\/users\/2"}],"replies":[{"embeddable":true,"href":"https:\/\/app.fitness-guide.ch\/fr\/wp-json\/wp\/v2\/comments?post=416"}],"version-history":[{"count":3,"href":"https:\/\/app.fitness-guide.ch\/fr\/wp-json\/wp\/v2\/pages\/416\/revisions"}],"predecessor-version":[{"id":461,"href":"https:\/\/app.fitness-guide.ch\/fr\/wp-json\/wp\/v2\/pages\/416\/revisions\/461"}],"wp:attachment":[{"href":"https:\/\/app.fitness-guide.ch\/fr\/wp-json\/wp\/v2\/media?parent=416"}],"curies":[{"name":"wp","href":"https:\/\/api.w.org\/{rel}","templated":true}]}}